{"id":157,"date":"2023-05-04T11:14:26","date_gmt":"2023-05-04T09:14:26","guid":{"rendered":"http:\/\/thompouss.oximae.net\/wordpress\/?page_id=157"},"modified":"2023-08-29T17:38:21","modified_gmt":"2023-08-29T15:38:21","slug":"espace-client","status":"publish","type":"page","link":"https:\/\/thompouss.fr\/index.php\/espace-client\/","title":{"rendered":"Espace client"},"content":{"rendered":"\t\t<div data-elementor-type=\"wp-page\" data-elementor-id=\"157\" class=\"elementor elementor-157\" data-elementor-post-type=\"page\">\n\t\t\t\t\t\t<section class=\"elementor-section elementor-top-section elementor-element elementor-element-4221c6f elementor-section-content-middle elementor-section-boxed elementor-section-height-default elementor-section-height-default\" data-id=\"4221c6f\" data-element_type=\"section\" data-e-type=\"section\" data-settings=\"{&quot;background_background&quot;:&quot;classic&quot;}\">\n\t\t\t\t\t\t<div class=\"elementor-container elementor-column-gap-default\">\n\t\t\t\t\t<div class=\"elementor-column elementor-col-100 elementor-top-column elementor-element elementor-element-2aac0ab\" data-id=\"2aac0ab\" data-element_type=\"column\" data-e-type=\"column\">\n\t\t\t<div class=\"elementor-widget-wrap elementor-element-populated\">\n\t\t\t\t\t\t<div class=\"elementor-element elementor-element-1352fcf e-transform elementor-widget elementor-widget-text-editor\" data-id=\"1352fcf\" data-element_type=\"widget\" data-e-type=\"widget\" data-settings=\"{&quot;_transform_rotateZ_effect&quot;:{&quot;unit&quot;:&quot;px&quot;,&quot;size&quot;:-3,&quot;sizes&quot;:[]},&quot;_transform_rotateZ_effect_tablet&quot;:{&quot;unit&quot;:&quot;deg&quot;,&quot;size&quot;:&quot;&quot;,&quot;sizes&quot;:[]},&quot;_transform_rotateZ_effect_mobile&quot;:{&quot;unit&quot;:&quot;deg&quot;,&quot;size&quot;:&quot;&quot;,&quot;sizes&quot;:[]}}\" data-widget_type=\"text-editor.default\">\n\t\t\t\t<div class=\"elementor-widget-container\">\n\t\t\t\t\t\t\t\t\t<p>Cultivons<\/p>\t\t\t\t\t\t\t\t<\/div>\n\t\t\t\t<\/div>\n\t\t\t\t<div class=\"elementor-element elementor-element-87f0157 elementor-absolute elementor-widget elementor-widget-image\" data-id=\"87f0157\" data-element_type=\"widget\" data-e-type=\"widget\" data-settings=\"{&quot;_position&quot;:&quot;absolute&quot;}\" data-widget_type=\"image.default\">\n\t\t\t\t<div class=\"elementor-widget-container\">\n\t\t\t\t\t\t\t\t\t\t\t\t\t\t\t<img fetchpriority=\"high\" decoding=\"async\" width=\"515\" height=\"953\" src=\"https:\/\/thompouss.fr\/wp-content\/uploads\/2023\/06\/Thompouss-Personnage-Vocation.png\" class=\"attachment-full size-full wp-image-1526\" alt=\"Personnage T&#039;hompouss\" srcset=\"https:\/\/thompouss.fr\/wp-content\/uploads\/2023\/06\/Thompouss-Personnage-Vocation.png 515w, https:\/\/thompouss.fr\/wp-content\/uploads\/2023\/06\/Thompouss-Personnage-Vocation-162x300.png 162w\" sizes=\"(max-width: 515px) 100vw, 515px\" \/>\t\t\t\t\t\t\t\t\t\t\t\t\t\t\t<\/div>\n\t\t\t\t<\/div>\n\t\t\t\t<div class=\"elementor-element elementor-element-c5bba4a elementor-widget__width-auto e-transform elementor-widget elementor-widget-text-editor\" data-id=\"c5bba4a\" data-element_type=\"widget\" data-e-type=\"widget\" data-settings=\"{&quot;_transform_rotateZ_effect&quot;:{&quot;unit&quot;:&quot;px&quot;,&quot;size&quot;:-3,&quot;sizes&quot;:[]},&quot;_transform_rotateZ_effect_tablet&quot;:{&quot;unit&quot;:&quot;deg&quot;,&quot;size&quot;:&quot;&quot;,&quot;sizes&quot;:[]},&quot;_transform_rotateZ_effect_mobile&quot;:{&quot;unit&quot;:&quot;deg&quot;,&quot;size&quot;:&quot;&quot;,&quot;sizes&quot;:[]}}\" data-widget_type=\"text-editor.default\">\n\t\t\t\t<div class=\"elementor-widget-container\">\n\t\t\t\t\t\t\t\t\t<p style=\"text-align: right;\">notre sant\u00e9 au travail<\/p>\t\t\t\t\t\t\t\t<\/div>\n\t\t\t\t<\/div>\n\t\t\t\t\t<\/div>\n\t\t<\/div>\n\t\t\t\t\t<\/div>\n\t\t<\/section>\n\t\t\t\t<section class=\"elementor-section elementor-top-section elementor-element elementor-element-74cd2225 elementor-section-boxed elementor-section-height-default elementor-section-height-default\" data-id=\"74cd2225\" data-element_type=\"section\" data-e-type=\"section\">\n\t\t\t\t\t\t<div class=\"elementor-container elementor-column-gap-default\">\n\t\t\t\t\t<div class=\"elementor-column elementor-col-100 elementor-top-column elementor-element elementor-element-676fa9b7\" data-id=\"676fa9b7\" data-element_type=\"column\" data-e-type=\"column\">\n\t\t\t<div class=\"elementor-widget-wrap elementor-element-populated\">\n\t\t\t\t\t\t<div class=\"elementor-element elementor-element-59010618 e-transform elementor-widget elementor-widget-image\" data-id=\"59010618\" data-element_type=\"widget\" data-e-type=\"widget\" data-settings=\"{&quot;_transform_rotateZ_effect&quot;:{&quot;unit&quot;:&quot;px&quot;,&quot;size&quot;:&quot;&quot;,&quot;sizes&quot;:[]},&quot;_transform_rotateZ_effect_tablet&quot;:{&quot;unit&quot;:&quot;deg&quot;,&quot;size&quot;:&quot;&quot;,&quot;sizes&quot;:[]},&quot;_transform_rotateZ_effect_mobile&quot;:{&quot;unit&quot;:&quot;deg&quot;,&quot;size&quot;:&quot;&quot;,&quot;sizes&quot;:[]}}\" data-widget_type=\"image.default\">\n\t\t\t\t<div class=\"elementor-widget-container\">\n\t\t\t\t\t\t\t\t\t\t\t\t\t\t\t<img decoding=\"async\" width=\"72\" height=\"72\" src=\"https:\/\/thompouss.fr\/wp-content\/uploads\/2023\/05\/thompouss-feuilles.png\" class=\"attachment-full size-full wp-image-217\" alt=\"Cabinet conseil RH | T&#039;hompouss Consultants\" \/>\t\t\t\t\t\t\t\t\t\t\t\t\t\t\t<\/div>\n\t\t\t\t<\/div>\n\t\t\t\t<div class=\"elementor-element elementor-element-7cbc3a54 elementor-widget__width-auto e-transform elementor-widget elementor-widget-heading\" data-id=\"7cbc3a54\" data-element_type=\"widget\" data-e-type=\"widget\" data-settings=\"{&quot;_transform_rotateZ_effect&quot;:{&quot;unit&quot;:&quot;px&quot;,&quot;size&quot;:-2,&quot;sizes&quot;:[]},&quot;_transform_rotateZ_effect_tablet&quot;:{&quot;unit&quot;:&quot;deg&quot;,&quot;size&quot;:&quot;&quot;,&quot;sizes&quot;:[]},&quot;_transform_rotateZ_effect_mobile&quot;:{&quot;unit&quot;:&quot;deg&quot;,&quot;size&quot;:&quot;&quot;,&quot;sizes&quot;:[]}}\" data-widget_type=\"heading.default\">\n\t\t\t\t<div class=\"elementor-widget-container\">\n\t\t\t\t\t<h1 class=\"elementor-heading-title elementor-size-default\">espace client<\/h1>\t\t\t\t<\/div>\n\t\t\t\t<\/div>\n\t\t\t\t<div class=\"elementor-element elementor-element-3776a222 elementor-widget__width-auto e-transform elementor-widget elementor-widget-heading\" data-id=\"3776a222\" data-element_type=\"widget\" data-e-type=\"widget\" data-settings=\"{&quot;_transform_rotateZ_effect&quot;:{&quot;unit&quot;:&quot;px&quot;,&quot;size&quot;:-2,&quot;sizes&quot;:[]},&quot;_transform_rotateZ_effect_tablet&quot;:{&quot;unit&quot;:&quot;deg&quot;,&quot;size&quot;:&quot;&quot;,&quot;sizes&quot;:[]},&quot;_transform_rotateZ_effect_mobile&quot;:{&quot;unit&quot;:&quot;deg&quot;,&quot;size&quot;:&quot;&quot;,&quot;sizes&quot;:[]}}\" data-widget_type=\"heading.default\">\n\t\t\t\t<div class=\"elementor-widget-container\">\n\t\t\t\t\t<h2 class=\"elementor-heading-title elementor-size-default\">Connexion \u00e0 votre compte<\/h2>\t\t\t\t<\/div>\n\t\t\t\t<\/div>\n\t\t\t\t<div class=\"elementor-element elementor-element-0139a8e elementor-widget elementor-widget-spacer\" data-id=\"0139a8e\" data-element_type=\"widget\" data-e-type=\"widget\" data-widget_type=\"spacer.default\">\n\t\t\t\t<div class=\"elementor-widget-container\">\n\t\t\t\t\t\t\t<div class=\"elementor-spacer\">\n\t\t\t<div class=\"elementor-spacer-inner\"><\/div>\n\t\t<\/div>\n\t\t\t\t\t\t<\/div>\n\t\t\t\t<\/div>\n\t\t\t\t\t<\/div>\n\t\t<\/div>\n\t\t\t\t\t<\/div>\n\t\t<\/section>\n\t\t\t\t<section class=\"elementor-section elementor-top-section elementor-element elementor-element-aaac60b elementor-section-boxed elementor-section-height-default elementor-section-height-default\" data-id=\"aaac60b\" data-element_type=\"section\" data-e-type=\"section\">\n\t\t\t\t\t\t<div class=\"elementor-container elementor-column-gap-default\">\n\t\t\t\t\t<div class=\"elementor-column elementor-col-100 elementor-top-column elementor-element elementor-element-4307de7\" data-id=\"4307de7\" data-element_type=\"column\" data-e-type=\"column\">\n\t\t\t<div class=\"elementor-widget-wrap elementor-element-populated\">\n\t\t\t\t\t\t<div class=\"elementor-element elementor-element-8c7e9bd elementor-button-align-center elementor-widget elementor-widget-login\" data-id=\"8c7e9bd\" data-element_type=\"widget\" data-e-type=\"widget\" data-widget_type=\"login.default\">\n\t\t\t\t<div class=\"elementor-widget-container\">\n\t\t\t\t\t\t\t<form class=\"elementor-login elementor-form\" method=\"post\" action=\"https:\/\/thompouss.fr\/wp-login.php\" aria-label=\"Login form\">\n\t\t\t<input type=\"hidden\" name=\"redirect_to\" value=\"https:\/\/thompouss.fr\/?page_id=2834\">\n\t\t\t<div class=\"elementor-form-fields-wrapper\">\n\t\t\t\t<div class=\"elementor-field-type-text elementor-field-group elementor-column elementor-col-100 elementor-field-required\">\n\t\t\t\t\t<label for=\"user-8c7e9bd\" class=\"elementor-field-label\">Nom d'utilisateur<\/label>\n\t\t\t\t\t<input size=\"1\" type=\"text\" name=\"log\" id=\"user-8c7e9bd\" placeholder=\"Nom d&#039;utilisateur\" class=\"elementor-field elementor-field-textual elementor-size-md\">\n\t\t\t\t<\/div>\n\t\t\t\t<div class=\"elementor-field-type-text elementor-field-group elementor-column elementor-col-100 elementor-field-required\">\n\t\t\t\t\t<label for=\"password-8c7e9bd\" class=\"elementor-field-label\">Mot de passe<\/label>\n\t\t\t\t\t<input size=\"1\" type=\"password\" name=\"pwd\" id=\"password-8c7e9bd\" placeholder=\"Mot de passe\" class=\"elementor-field elementor-field-textual elementor-size-md\">\n\t\t\t\t<\/div>\n\n\t\t\t\t\n\t\t\t\t<div class=\"elementor-field-group elementor-column elementor-field-type-submit elementor-col-100\">\n\t\t\t\t\t<button type=\"submit\" class=\"elementor-size-md elementor-button\" name=\"wp-submit\">\n\t\t\t\t\t\t\t\t\t\t\t\t\t\t\t<span class=\"elementor-button-text\">Connexion<\/span>\n\t\t\t\t\t\t\t\t\t\t\t\t<\/button>\n\t\t\t\t<\/div>\n\n\t\t\t\t\t\t\t<\/div>\n\t\t<\/form>\n\t\t\t\t\t\t<\/div>\n\t\t\t\t<\/div>\n\t\t\t\t<div class=\"elementor-element elementor-element-f77d789 elementor-widget__width-initial elementor-widget elementor-widget-text-editor\" data-id=\"f77d789\" data-element_type=\"widget\" data-e-type=\"widget\" data-widget_type=\"text-editor.default\">\n\t\t\t\t<div class=\"elementor-widget-container\">\n\t\t\t\t\t\t\t\t\t<p>Vous rencontrer un probl\u00e8me de connexion ?<\/p>\t\t\t\t\t\t\t\t<\/div>\n\t\t\t\t<\/div>\n\t\t\t\t<div class=\"elementor-element elementor-element-9bb1281 elementor-align-center elementor-widget elementor-widget-button\" data-id=\"9bb1281\" data-element_type=\"widget\" data-e-type=\"widget\" data-widget_type=\"button.default\">\n\t\t\t\t<div class=\"elementor-widget-container\">\n\t\t\t\t\t\t\t\t\t<div class=\"elementor-button-wrapper\">\n\t\t\t\t\t<a class=\"elementor-button elementor-button-link elementor-size-md elementor-animation-grow\" href=\"https:\/\/thompouss.fr\/index.php\/contact\/\">\n\t\t\t\t\t\t<span class=\"elementor-button-content-wrapper\">\n\t\t\t\t\t\t\t\t\t<span class=\"elementor-button-text\">Contactez-nous<\/span>\n\t\t\t\t\t<\/span>\n\t\t\t\t\t<\/a>\n\t\t\t\t<\/div>\n\t\t\t\t\t\t\t\t<\/div>\n\t\t\t\t<\/div>\n\t\t\t\t\t<\/div>\n\t\t<\/div>\n\t\t\t\t\t<\/div>\n\t\t<\/section>\n\t\t\t\t<\/div>\n\t\t","protected":false},"excerpt":{"rendered":"<p>Cultivons notre sant\u00e9 au travail espace client Connexion \u00e0 votre compte Vous rencontrer un probl\u00e8me de connexion ? Contactez-nous<\/p>\n","protected":false},"author":1,"featured_media":0,"parent":0,"menu_order":0,"comment_status":"closed","ping_status":"closed","template":"","meta":{"_acf_changed":false,"inline_featured_image":false,"footnotes":""},"class_list":["post-157","page","type-page","status-publish","hentry"],"acf":[],"yoast_head":"<!-- This site is optimized with the Yoast SEO plugin v27.5 - https:\/\/yoast.com\/product\/yoast-seo-wordpress\/ -->\n<title>Espace client - T&#039;hompouss Consultants<\/title>\n<meta name=\"description\" content=\"Acc\u00e9dez \u00e0 votre espace client s\u00e9curis\u00e9 chez THOMPOUSS Consultants. T\u00e9l\u00e9chargez les fichiers essentiels pour vos projets en toute simplicit\u00e9.\" \/>\n<meta name=\"robots\" content=\"index, follow, max-snippet:-1, max-image-preview:large, max-video-preview:-1\" \/>\n<link rel=\"canonical\" href=\"https:\/\/thompouss.fr\/index.php\/espace-client\/\" \/>\n<meta property=\"og:locale\" content=\"fr_FR\" \/>\n<meta property=\"og:type\" content=\"article\" \/>\n<meta property=\"og:title\" content=\"Espace client - T&#039;hompouss Consultants\" \/>\n<meta property=\"og:description\" content=\"Acc\u00e9dez \u00e0 votre espace client s\u00e9curis\u00e9 chez THOMPOUSS Consultants. T\u00e9l\u00e9chargez les fichiers essentiels pour vos projets en toute simplicit\u00e9.\" \/>\n<meta property=\"og:url\" content=\"https:\/\/thompouss.fr\/index.php\/espace-client\/\" \/>\n<meta property=\"og:site_name\" content=\"T&#039;hompouss Consultants\" \/>\n<meta property=\"article:modified_time\" content=\"2023-08-29T15:38:21+00:00\" \/>\n<meta property=\"og:image\" content=\"https:\/\/thompouss.fr\/wp-content\/uploads\/2023\/06\/Thompouss-Personnage-Vocation.png\" \/>\n<meta name=\"twitter:card\" content=\"summary_large_image\" \/>\n<meta name=\"twitter:label1\" content=\"Dur\u00e9e de lecture estim\u00e9e\" \/>\n\t<meta name=\"twitter:data1\" content=\"1 minute\" \/>\n<script type=\"application\/ld+json\" class=\"yoast-schema-graph\">{\"@context\":\"https:\\\/\\\/schema.org\",\"@graph\":[{\"@type\":\"WebPage\",\"@id\":\"https:\\\/\\\/thompouss.fr\\\/index.php\\\/espace-client\\\/\",\"url\":\"https:\\\/\\\/thompouss.fr\\\/index.php\\\/espace-client\\\/\",\"name\":\"Espace client - T&#039;hompouss Consultants\",\"isPartOf\":{\"@id\":\"https:\\\/\\\/thompouss.fr\\\/#website\"},\"primaryImageOfPage\":{\"@id\":\"https:\\\/\\\/thompouss.fr\\\/index.php\\\/espace-client\\\/#primaryimage\"},\"image\":{\"@id\":\"https:\\\/\\\/thompouss.fr\\\/index.php\\\/espace-client\\\/#primaryimage\"},\"thumbnailUrl\":\"https:\\\/\\\/thompouss.fr\\\/wp-content\\\/uploads\\\/2023\\\/06\\\/Thompouss-Personnage-Vocation.png\",\"datePublished\":\"2023-05-04T09:14:26+00:00\",\"dateModified\":\"2023-08-29T15:38:21+00:00\",\"description\":\"Acc\u00e9dez \u00e0 votre espace client s\u00e9curis\u00e9 chez THOMPOUSS Consultants. T\u00e9l\u00e9chargez les fichiers essentiels pour vos projets en toute simplicit\u00e9.\",\"breadcrumb\":{\"@id\":\"https:\\\/\\\/thompouss.fr\\\/index.php\\\/espace-client\\\/#breadcrumb\"},\"inLanguage\":\"fr-FR\",\"potentialAction\":[{\"@type\":\"ReadAction\",\"target\":[\"https:\\\/\\\/thompouss.fr\\\/index.php\\\/espace-client\\\/\"]}]},{\"@type\":\"ImageObject\",\"inLanguage\":\"fr-FR\",\"@id\":\"https:\\\/\\\/thompouss.fr\\\/index.php\\\/espace-client\\\/#primaryimage\",\"url\":\"https:\\\/\\\/thompouss.fr\\\/wp-content\\\/uploads\\\/2023\\\/06\\\/Thompouss-Personnage-Vocation.png\",\"contentUrl\":\"https:\\\/\\\/thompouss.fr\\\/wp-content\\\/uploads\\\/2023\\\/06\\\/Thompouss-Personnage-Vocation.png\",\"width\":515,\"height\":953,\"caption\":\"Personnage T'hompouss\"},{\"@type\":\"BreadcrumbList\",\"@id\":\"https:\\\/\\\/thompouss.fr\\\/index.php\\\/espace-client\\\/#breadcrumb\",\"itemListElement\":[{\"@type\":\"ListItem\",\"position\":1,\"name\":\"Accueil\",\"item\":\"https:\\\/\\\/thompouss.fr\\\/\"},{\"@type\":\"ListItem\",\"position\":2,\"name\":\"Espace client\"}]},{\"@type\":\"WebSite\",\"@id\":\"https:\\\/\\\/thompouss.fr\\\/#website\",\"url\":\"https:\\\/\\\/thompouss.fr\\\/\",\"name\":\"T&#039;hompouss Consultants\",\"description\":\"\",\"publisher\":{\"@id\":\"https:\\\/\\\/thompouss.fr\\\/#organization\"},\"potentialAction\":[{\"@type\":\"SearchAction\",\"target\":{\"@type\":\"EntryPoint\",\"urlTemplate\":\"https:\\\/\\\/thompouss.fr\\\/?s={search_term_string}\"},\"query-input\":{\"@type\":\"PropertyValueSpecification\",\"valueRequired\":true,\"valueName\":\"search_term_string\"}}],\"inLanguage\":\"fr-FR\"},{\"@type\":\"Organization\",\"@id\":\"https:\\\/\\\/thompouss.fr\\\/#organization\",\"name\":\"T&#039;hompouss Consultants\",\"url\":\"https:\\\/\\\/thompouss.fr\\\/\",\"logo\":{\"@type\":\"ImageObject\",\"inLanguage\":\"fr-FR\",\"@id\":\"https:\\\/\\\/thompouss.fr\\\/#\\\/schema\\\/logo\\\/image\\\/\",\"url\":\"https:\\\/\\\/thompouss.fr\\\/wp-content\\\/uploads\\\/2023\\\/05\\\/Thompouss-Logo.png\",\"contentUrl\":\"https:\\\/\\\/thompouss.fr\\\/wp-content\\\/uploads\\\/2023\\\/05\\\/Thompouss-Logo.png\",\"width\":926,\"height\":272,\"caption\":\"T&#039;hompouss Consultants\"},\"image\":{\"@id\":\"https:\\\/\\\/thompouss.fr\\\/#\\\/schema\\\/logo\\\/image\\\/\"},\"sameAs\":[\"https:\\\/\\\/www.linkedin.com\\\/company\\\/t-hompouss-consultants\\\/\"]}]}<\/script>\n<!-- \/ Yoast SEO plugin. -->","yoast_head_json":{"title":"Espace client - T&#039;hompouss Consultants","description":"Acc\u00e9dez \u00e0 votre espace client s\u00e9curis\u00e9 chez THOMPOUSS Consultants. T\u00e9l\u00e9chargez les fichiers essentiels pour vos projets en toute simplicit\u00e9.","robots":{"index":"index","follow":"follow","max-snippet":"max-snippet:-1","max-image-preview":"max-image-preview:large","max-video-preview":"max-video-preview:-1"},"canonical":"https:\/\/thompouss.fr\/index.php\/espace-client\/","og_locale":"fr_FR","og_type":"article","og_title":"Espace client - T&#039;hompouss Consultants","og_description":"Acc\u00e9dez \u00e0 votre espace client s\u00e9curis\u00e9 chez THOMPOUSS Consultants. T\u00e9l\u00e9chargez les fichiers essentiels pour vos projets en toute simplicit\u00e9.","og_url":"https:\/\/thompouss.fr\/index.php\/espace-client\/","og_site_name":"T&#039;hompouss Consultants","article_modified_time":"2023-08-29T15:38:21+00:00","og_image":[{"url":"https:\/\/thompouss.fr\/wp-content\/uploads\/2023\/06\/Thompouss-Personnage-Vocation.png","type":"","width":"","height":""}],"twitter_card":"summary_large_image","twitter_misc":{"Dur\u00e9e de lecture estim\u00e9e":"1 minute"},"schema":{"@context":"https:\/\/schema.org","@graph":[{"@type":"WebPage","@id":"https:\/\/thompouss.fr\/index.php\/espace-client\/","url":"https:\/\/thompouss.fr\/index.php\/espace-client\/","name":"Espace client - T&#039;hompouss Consultants","isPartOf":{"@id":"https:\/\/thompouss.fr\/#website"},"primaryImageOfPage":{"@id":"https:\/\/thompouss.fr\/index.php\/espace-client\/#primaryimage"},"image":{"@id":"https:\/\/thompouss.fr\/index.php\/espace-client\/#primaryimage"},"thumbnailUrl":"https:\/\/thompouss.fr\/wp-content\/uploads\/2023\/06\/Thompouss-Personnage-Vocation.png","datePublished":"2023-05-04T09:14:26+00:00","dateModified":"2023-08-29T15:38:21+00:00","description":"Acc\u00e9dez \u00e0 votre espace client s\u00e9curis\u00e9 chez THOMPOUSS Consultants. T\u00e9l\u00e9chargez les fichiers essentiels pour vos projets en toute simplicit\u00e9.","breadcrumb":{"@id":"https:\/\/thompouss.fr\/index.php\/espace-client\/#breadcrumb"},"inLanguage":"fr-FR","potentialAction":[{"@type":"ReadAction","target":["https:\/\/thompouss.fr\/index.php\/espace-client\/"]}]},{"@type":"ImageObject","inLanguage":"fr-FR","@id":"https:\/\/thompouss.fr\/index.php\/espace-client\/#primaryimage","url":"https:\/\/thompouss.fr\/wp-content\/uploads\/2023\/06\/Thompouss-Personnage-Vocation.png","contentUrl":"https:\/\/thompouss.fr\/wp-content\/uploads\/2023\/06\/Thompouss-Personnage-Vocation.png","width":515,"height":953,"caption":"Personnage T'hompouss"},{"@type":"BreadcrumbList","@id":"https:\/\/thompouss.fr\/index.php\/espace-client\/#breadcrumb","itemListElement":[{"@type":"ListItem","position":1,"name":"Accueil","item":"https:\/\/thompouss.fr\/"},{"@type":"ListItem","position":2,"name":"Espace client"}]},{"@type":"WebSite","@id":"https:\/\/thompouss.fr\/#website","url":"https:\/\/thompouss.fr\/","name":"T&#039;hompouss Consultants","description":"","publisher":{"@id":"https:\/\/thompouss.fr\/#organization"},"potentialAction":[{"@type":"SearchAction","target":{"@type":"EntryPoint","urlTemplate":"https:\/\/thompouss.fr\/?s={search_term_string}"},"query-input":{"@type":"PropertyValueSpecification","valueRequired":true,"valueName":"search_term_string"}}],"inLanguage":"fr-FR"},{"@type":"Organization","@id":"https:\/\/thompouss.fr\/#organization","name":"T&#039;hompouss Consultants","url":"https:\/\/thompouss.fr\/","logo":{"@type":"ImageObject","inLanguage":"fr-FR","@id":"https:\/\/thompouss.fr\/#\/schema\/logo\/image\/","url":"https:\/\/thompouss.fr\/wp-content\/uploads\/2023\/05\/Thompouss-Logo.png","contentUrl":"https:\/\/thompouss.fr\/wp-content\/uploads\/2023\/05\/Thompouss-Logo.png","width":926,"height":272,"caption":"T&#039;hompouss Consultants"},"image":{"@id":"https:\/\/thompouss.fr\/#\/schema\/logo\/image\/"},"sameAs":["https:\/\/www.linkedin.com\/company\/t-hompouss-consultants\/"]}]}},"_links":{"self":[{"href":"https:\/\/thompouss.fr\/index.php\/wp-json\/wp\/v2\/pages\/157","targetHints":{"allow":["GET"]}}],"collection":[{"href":"https:\/\/thompouss.fr\/index.php\/wp-json\/wp\/v2\/pages"}],"about":[{"href":"https:\/\/thompouss.fr\/index.php\/wp-json\/wp\/v2\/types\/page"}],"author":[{"embeddable":true,"href":"https:\/\/thompouss.fr\/index.php\/wp-json\/wp\/v2\/users\/1"}],"replies":[{"embeddable":true,"href":"https:\/\/thompouss.fr\/index.php\/wp-json\/wp\/v2\/comments?post=157"}],"version-history":[{"count":146,"href":"https:\/\/thompouss.fr\/index.php\/wp-json\/wp\/v2\/pages\/157\/revisions"}],"predecessor-version":[{"id":4543,"href":"https:\/\/thompouss.fr\/index.php\/wp-json\/wp\/v2\/pages\/157\/revisions\/4543"}],"wp:attachment":[{"href":"https:\/\/thompouss.fr\/index.php\/wp-json\/wp\/v2\/media?parent=157"}],"curies":[{"name":"wp","href":"https:\/\/api.w.org\/{rel}","templated":true}]}}