{"id":770,"date":"2023-05-10T17:14:58","date_gmt":"2023-05-10T15:14:58","guid":{"rendered":"http:\/\/thompouss.oximae.net\/wordpress\/?page_id=770"},"modified":"2023-08-29T17:02:21","modified_gmt":"2023-08-29T15:02:21","slug":"actualites","status":"publish","type":"page","link":"https:\/\/thompouss.fr\/index.php\/actualites\/","title":{"rendered":"Actualit\u00e9s"},"content":{"rendered":"\t\t<div data-elementor-type=\"wp-page\" data-elementor-id=\"770\" class=\"elementor elementor-770\" data-elementor-post-type=\"page\">\n\t\t\t\t\t\t<section class=\"elementor-section elementor-top-section elementor-element elementor-element-f337203 elementor-section-boxed elementor-section-height-default elementor-section-height-default\" data-id=\"f337203\" data-element_type=\"section\" data-e-type=\"section\" data-settings=\"{&quot;background_background&quot;:&quot;classic&quot;}\">\n\t\t\t\t\t\t<div class=\"elementor-container elementor-column-gap-default\">\n\t\t\t\t\t<div class=\"elementor-column elementor-col-100 elementor-top-column elementor-element elementor-element-a01733b\" data-id=\"a01733b\" data-element_type=\"column\" data-e-type=\"column\">\n\t\t\t<div class=\"elementor-widget-wrap elementor-element-populated\">\n\t\t\t\t\t\t<div class=\"elementor-element elementor-element-6270961 elementor-widget elementor-widget-spacer\" data-id=\"6270961\" data-element_type=\"widget\" data-e-type=\"widget\" data-widget_type=\"spacer.default\">\n\t\t\t\t<div class=\"elementor-widget-container\">\n\t\t\t\t\t\t\t<div class=\"elementor-spacer\">\n\t\t\t<div class=\"elementor-spacer-inner\"><\/div>\n\t\t<\/div>\n\t\t\t\t\t\t<\/div>\n\t\t\t\t<\/div>\n\t\t\t\t<div class=\"elementor-element elementor-element-26434cc e-transform elementor-widget elementor-widget-heading\" data-id=\"26434cc\" data-element_type=\"widget\" data-e-type=\"widget\" data-settings=\"{&quot;_transform_rotateZ_effect&quot;:{&quot;unit&quot;:&quot;px&quot;,&quot;size&quot;:-2,&quot;sizes&quot;:[]},&quot;_transform_rotateZ_effect_tablet&quot;:{&quot;unit&quot;:&quot;deg&quot;,&quot;size&quot;:&quot;&quot;,&quot;sizes&quot;:[]},&quot;_transform_rotateZ_effect_mobile&quot;:{&quot;unit&quot;:&quot;deg&quot;,&quot;size&quot;:&quot;&quot;,&quot;sizes&quot;:[]}}\" data-widget_type=\"heading.default\">\n\t\t\t\t<div class=\"elementor-widget-container\">\n\t\t\t\t\t<h1 class=\"elementor-heading-title elementor-size-default\">Suivez le fil<br><div style=\"position:relative;font-family: Raleway;font-size:0.2em;background-color:#0096AE;padding: 1em 2em;margin-top:1em\">de notre actu<\/div><\/h1>\t\t\t\t<\/div>\n\t\t\t\t<\/div>\n\t\t\t\t\t<\/div>\n\t\t<\/div>\n\t\t\t\t\t<\/div>\n\t\t<\/section>\n\t\t\t\t<section class=\"elementor-section elementor-top-section elementor-element elementor-element-119a5eba elementor-section-boxed elementor-section-height-default elementor-section-height-default\" data-id=\"119a5eba\" data-element_type=\"section\" data-e-type=\"section\">\n\t\t\t\t\t\t<div class=\"elementor-container elementor-column-gap-default\">\n\t\t\t\t\t<div class=\"elementor-column elementor-col-100 elementor-top-column elementor-element elementor-element-3bc207be\" data-id=\"3bc207be\" data-element_type=\"column\" data-e-type=\"column\">\n\t\t\t<div class=\"elementor-widget-wrap elementor-element-populated\">\n\t\t\t\t\t\t<div class=\"elementor-element elementor-element-26aefb02 e-transform elementor-widget elementor-widget-image\" data-id=\"26aefb02\" data-element_type=\"widget\" data-e-type=\"widget\" data-settings=\"{&quot;_transform_rotateZ_effect&quot;:{&quot;unit&quot;:&quot;px&quot;,&quot;size&quot;:&quot;&quot;,&quot;sizes&quot;:[]},&quot;_transform_rotateZ_effect_tablet&quot;:{&quot;unit&quot;:&quot;deg&quot;,&quot;size&quot;:&quot;&quot;,&quot;sizes&quot;:[]},&quot;_transform_rotateZ_effect_mobile&quot;:{&quot;unit&quot;:&quot;deg&quot;,&quot;size&quot;:&quot;&quot;,&quot;sizes&quot;:[]}}\" data-widget_type=\"image.default\">\n\t\t\t\t<div class=\"elementor-widget-container\">\n\t\t\t\t\t\t\t\t\t\t\t\t\t\t\t<img decoding=\"async\" width=\"72\" height=\"72\" src=\"https:\/\/thompouss.fr\/wp-content\/uploads\/2023\/05\/thompouss-feuilles.png\" class=\"attachment-full size-full wp-image-217\" alt=\"Cabinet conseil RH | T&#039;hompouss Consultants\" \/>\t\t\t\t\t\t\t\t\t\t\t\t\t\t\t<\/div>\n\t\t\t\t<\/div>\n\t\t\t\t<div class=\"elementor-element elementor-element-348bbafe elementor-widget__width-auto e-transform elementor-widget elementor-widget-heading\" data-id=\"348bbafe\" data-element_type=\"widget\" data-e-type=\"widget\" data-settings=\"{&quot;_transform_rotateZ_effect&quot;:{&quot;unit&quot;:&quot;px&quot;,&quot;size&quot;:-2,&quot;sizes&quot;:[]},&quot;_transform_rotateZ_effect_tablet&quot;:{&quot;unit&quot;:&quot;deg&quot;,&quot;size&quot;:&quot;&quot;,&quot;sizes&quot;:[]},&quot;_transform_rotateZ_effect_mobile&quot;:{&quot;unit&quot;:&quot;deg&quot;,&quot;size&quot;:&quot;&quot;,&quot;sizes&quot;:[]}}\" data-widget_type=\"heading.default\">\n\t\t\t\t<div class=\"elementor-widget-container\">\n\t\t\t\t\t<h2 class=\"elementor-heading-title elementor-size-default\">Nos derni\u00e8res actus<\/h2>\t\t\t\t<\/div>\n\t\t\t\t<\/div>\n\t\t\t\t\t<\/div>\n\t\t<\/div>\n\t\t\t\t\t<\/div>\n\t\t<\/section>\n\t\t\t\t<section class=\"elementor-section elementor-top-section elementor-element elementor-element-366c301 elementor-section-full_width elementor-section-height-default elementor-section-height-default\" data-id=\"366c301\" data-element_type=\"section\" data-e-type=\"section\" data-settings=\"{&quot;background_background&quot;:&quot;classic&quot;}\">\n\t\t\t\t\t\t<div class=\"elementor-container elementor-column-gap-no\">\n\t\t\t\t\t<div class=\"make-column-clickable-elementor elementor-column elementor-col-100 elementor-top-column elementor-element elementor-element-99177e3\" style=\"cursor: pointer;\" data-column-clickable=\"https:\/\/www.linkedin.com\/company\/t-hompouss-consultants\/\" data-column-clickable-blank=\"_self\" data-id=\"99177e3\" data-element_type=\"column\" data-e-type=\"column\">\n\t\t\t<div class=\"elementor-widget-wrap elementor-element-populated\">\n\t\t\t\t\t\t<div class=\"elementor-element elementor-element-39653b2 elementor-widget elementor-widget-image\" data-id=\"39653b2\" data-element_type=\"widget\" data-e-type=\"widget\" data-widget_type=\"image.default\">\n\t\t\t\t<div class=\"elementor-widget-container\">\n\t\t\t\t\t\t\t\t\t\t\t\t\t\t\t<img decoding=\"async\" width=\"72\" height=\"72\" src=\"https:\/\/thompouss.fr\/wp-content\/uploads\/2023\/05\/thompouss-feuilles.png\" class=\"attachment-large size-large wp-image-217\" alt=\"Cabinet conseil RH | T&#039;hompouss Consultants\" \/>\t\t\t\t\t\t\t\t\t\t\t\t\t\t\t<\/div>\n\t\t\t\t<\/div>\n\t\t\t\t<div class=\"elementor-element elementor-element-d449e4e elementor-widget elementor-widget-heading\" data-id=\"d449e4e\" data-element_type=\"widget\" data-e-type=\"widget\" data-widget_type=\"heading.default\">\n\t\t\t\t<div class=\"elementor-widget-container\">\n\t\t\t\t\t<h2 class=\"elementor-heading-title elementor-size-default\">Rejoignez-nous sur notre page Linkedin<\/h2>\t\t\t\t<\/div>\n\t\t\t\t<\/div>\n\t\t\t\t<div class=\"elementor-element elementor-element-5f71df6 elementor-shape-rounded elementor-grid-0 e-grid-align-center elementor-widget elementor-widget-social-icons\" data-id=\"5f71df6\" data-element_type=\"widget\" data-e-type=\"widget\" data-widget_type=\"social-icons.default\">\n\t\t\t\t<div class=\"elementor-widget-container\">\n\t\t\t\t\t\t\t<div class=\"elementor-social-icons-wrapper elementor-grid\">\n\t\t\t\t\t\t\t<span class=\"elementor-grid-item\">\n\t\t\t\t\t<a class=\"elementor-icon elementor-social-icon elementor-social-icon-linkedin elementor-repeater-item-ba6e069\" href=\"https:\/\/www.linkedin.com\/company\/t-hompouss-consultants\/\" target=\"_blank\">\n\t\t\t\t\t\t<span class=\"elementor-screen-only\">Linkedin<\/span>\n\t\t\t\t\t\t<i aria-hidden=\"true\" class=\"fab fa-linkedin\"><\/i>\t\t\t\t\t<\/a>\n\t\t\t\t<\/span>\n\t\t\t\t\t<\/div>\n\t\t\t\t\t\t<\/div>\n\t\t\t\t<\/div>\n\t\t\t\t\t<\/div>\n\t\t<\/div>\n\t\t\t\t\t<\/div>\n\t\t<\/section>\n\t\t\t\t<\/div>\n\t\t","protected":false},"excerpt":{"rendered":"<p>Suivez le filde notre actu Nos derni\u00e8res actus Rejoignez-nous sur notre page Linkedin Linkedin<\/p>\n","protected":false},"author":1,"featured_media":0,"parent":0,"menu_order":0,"comment_status":"closed","ping_status":"closed","template":"","meta":{"_acf_changed":false,"inline_featured_image":false,"footnotes":""},"class_list":["post-770","page","type-page","status-publish","hentry"],"acf":[],"yoast_head":"<!-- This site is optimized with the Yoast SEO plugin v27.6 - https:\/\/yoast.com\/product\/yoast-seo-wordpress\/ -->\n<title>Actualit\u00e9s - T&#039;hompouss Consultants<\/title>\n<meta name=\"description\" content=\"D\u00e9couvrez les derni\u00e8res actualit\u00e9s en mati\u00e8re de ressources humaines, inclusion et diversit\u00e9 professionnelle.\" \/>\n<meta name=\"robots\" content=\"index, follow, max-snippet:-1, max-image-preview:large, max-video-preview:-1\" \/>\n<link rel=\"canonical\" href=\"https:\/\/thompouss.fr\/index.php\/actualites\/\" \/>\n<meta property=\"og:locale\" content=\"fr_FR\" \/>\n<meta property=\"og:type\" content=\"article\" \/>\n<meta property=\"og:title\" content=\"Actualit\u00e9s - T&#039;hompouss Consultants\" \/>\n<meta property=\"og:description\" content=\"D\u00e9couvrez les derni\u00e8res actualit\u00e9s en mati\u00e8re de ressources humaines, inclusion et diversit\u00e9 professionnelle.\" \/>\n<meta property=\"og:url\" content=\"https:\/\/thompouss.fr\/index.php\/actualites\/\" \/>\n<meta property=\"og:site_name\" content=\"T&#039;hompouss Consultants\" \/>\n<meta property=\"article:modified_time\" content=\"2023-08-29T15:02:21+00:00\" \/>\n<meta property=\"og:image\" content=\"https:\/\/thompouss.fr\/wp-content\/uploads\/2023\/05\/thompouss-feuilles.png\" \/>\n<meta name=\"twitter:card\" content=\"summary_large_image\" \/>\n<meta name=\"twitter:label1\" content=\"Dur\u00e9e de lecture estim\u00e9e\" \/>\n\t<meta name=\"twitter:data1\" content=\"6 minutes\" \/>\n<script type=\"application\/ld+json\" class=\"yoast-schema-graph\">{\"@context\":\"https:\\\/\\\/schema.org\",\"@graph\":[{\"@type\":\"WebPage\",\"@id\":\"https:\\\/\\\/thompouss.fr\\\/index.php\\\/actualites\\\/\",\"url\":\"https:\\\/\\\/thompouss.fr\\\/index.php\\\/actualites\\\/\",\"name\":\"Actualit\u00e9s - T&#039;hompouss Consultants\",\"isPartOf\":{\"@id\":\"https:\\\/\\\/thompouss.fr\\\/#website\"},\"primaryImageOfPage\":{\"@id\":\"https:\\\/\\\/thompouss.fr\\\/index.php\\\/actualites\\\/#primaryimage\"},\"image\":{\"@id\":\"https:\\\/\\\/thompouss.fr\\\/index.php\\\/actualites\\\/#primaryimage\"},\"thumbnailUrl\":\"https:\\\/\\\/thompouss.fr\\\/wp-content\\\/uploads\\\/2023\\\/05\\\/thompouss-feuilles.png\",\"datePublished\":\"2023-05-10T15:14:58+00:00\",\"dateModified\":\"2023-08-29T15:02:21+00:00\",\"description\":\"D\u00e9couvrez les derni\u00e8res actualit\u00e9s en mati\u00e8re de ressources humaines, inclusion et diversit\u00e9 professionnelle.\",\"breadcrumb\":{\"@id\":\"https:\\\/\\\/thompouss.fr\\\/index.php\\\/actualites\\\/#breadcrumb\"},\"inLanguage\":\"fr-FR\",\"potentialAction\":[{\"@type\":\"ReadAction\",\"target\":[\"https:\\\/\\\/thompouss.fr\\\/index.php\\\/actualites\\\/\"]}]},{\"@type\":\"ImageObject\",\"inLanguage\":\"fr-FR\",\"@id\":\"https:\\\/\\\/thompouss.fr\\\/index.php\\\/actualites\\\/#primaryimage\",\"url\":\"https:\\\/\\\/thompouss.fr\\\/wp-content\\\/uploads\\\/2023\\\/05\\\/thompouss-feuilles.png\",\"contentUrl\":\"https:\\\/\\\/thompouss.fr\\\/wp-content\\\/uploads\\\/2023\\\/05\\\/thompouss-feuilles.png\",\"width\":72,\"height\":72,\"caption\":\"Cabinet conseil RH | T'hompouss Consultants\"},{\"@type\":\"BreadcrumbList\",\"@id\":\"https:\\\/\\\/thompouss.fr\\\/index.php\\\/actualites\\\/#breadcrumb\",\"itemListElement\":[{\"@type\":\"ListItem\",\"position\":1,\"name\":\"Accueil\",\"item\":\"https:\\\/\\\/thompouss.fr\\\/\"},{\"@type\":\"ListItem\",\"position\":2,\"name\":\"Actualit\u00e9s\"}]},{\"@type\":\"WebSite\",\"@id\":\"https:\\\/\\\/thompouss.fr\\\/#website\",\"url\":\"https:\\\/\\\/thompouss.fr\\\/\",\"name\":\"T&#039;hompouss Consultants\",\"description\":\"\",\"publisher\":{\"@id\":\"https:\\\/\\\/thompouss.fr\\\/#organization\"},\"potentialAction\":[{\"@type\":\"SearchAction\",\"target\":{\"@type\":\"EntryPoint\",\"urlTemplate\":\"https:\\\/\\\/thompouss.fr\\\/?s={search_term_string}\"},\"query-input\":{\"@type\":\"PropertyValueSpecification\",\"valueRequired\":true,\"valueName\":\"search_term_string\"}}],\"inLanguage\":\"fr-FR\"},{\"@type\":\"Organization\",\"@id\":\"https:\\\/\\\/thompouss.fr\\\/#organization\",\"name\":\"T&#039;hompouss Consultants\",\"url\":\"https:\\\/\\\/thompouss.fr\\\/\",\"logo\":{\"@type\":\"ImageObject\",\"inLanguage\":\"fr-FR\",\"@id\":\"https:\\\/\\\/thompouss.fr\\\/#\\\/schema\\\/logo\\\/image\\\/\",\"url\":\"https:\\\/\\\/thompouss.fr\\\/wp-content\\\/uploads\\\/2023\\\/05\\\/Thompouss-Logo.png\",\"contentUrl\":\"https:\\\/\\\/thompouss.fr\\\/wp-content\\\/uploads\\\/2023\\\/05\\\/Thompouss-Logo.png\",\"width\":926,\"height\":272,\"caption\":\"T&#039;hompouss Consultants\"},\"image\":{\"@id\":\"https:\\\/\\\/thompouss.fr\\\/#\\\/schema\\\/logo\\\/image\\\/\"},\"sameAs\":[\"https:\\\/\\\/www.linkedin.com\\\/company\\\/t-hompouss-consultants\\\/\"]}]}<\/script>\n<!-- \/ Yoast SEO plugin. -->","yoast_head_json":{"title":"Actualit\u00e9s - T&#039;hompouss Consultants","description":"D\u00e9couvrez les derni\u00e8res actualit\u00e9s en mati\u00e8re de ressources humaines, inclusion et diversit\u00e9 professionnelle.","robots":{"index":"index","follow":"follow","max-snippet":"max-snippet:-1","max-image-preview":"max-image-preview:large","max-video-preview":"max-video-preview:-1"},"canonical":"https:\/\/thompouss.fr\/index.php\/actualites\/","og_locale":"fr_FR","og_type":"article","og_title":"Actualit\u00e9s - T&#039;hompouss Consultants","og_description":"D\u00e9couvrez les derni\u00e8res actualit\u00e9s en mati\u00e8re de ressources humaines, inclusion et diversit\u00e9 professionnelle.","og_url":"https:\/\/thompouss.fr\/index.php\/actualites\/","og_site_name":"T&#039;hompouss Consultants","article_modified_time":"2023-08-29T15:02:21+00:00","og_image":[{"url":"https:\/\/thompouss.fr\/wp-content\/uploads\/2023\/05\/thompouss-feuilles.png","type":"","width":"","height":""}],"twitter_card":"summary_large_image","twitter_misc":{"Dur\u00e9e de lecture estim\u00e9e":"6 minutes"},"schema":{"@context":"https:\/\/schema.org","@graph":[{"@type":"WebPage","@id":"https:\/\/thompouss.fr\/index.php\/actualites\/","url":"https:\/\/thompouss.fr\/index.php\/actualites\/","name":"Actualit\u00e9s - T&#039;hompouss Consultants","isPartOf":{"@id":"https:\/\/thompouss.fr\/#website"},"primaryImageOfPage":{"@id":"https:\/\/thompouss.fr\/index.php\/actualites\/#primaryimage"},"image":{"@id":"https:\/\/thompouss.fr\/index.php\/actualites\/#primaryimage"},"thumbnailUrl":"https:\/\/thompouss.fr\/wp-content\/uploads\/2023\/05\/thompouss-feuilles.png","datePublished":"2023-05-10T15:14:58+00:00","dateModified":"2023-08-29T15:02:21+00:00","description":"D\u00e9couvrez les derni\u00e8res actualit\u00e9s en mati\u00e8re de ressources humaines, inclusion et diversit\u00e9 professionnelle.","breadcrumb":{"@id":"https:\/\/thompouss.fr\/index.php\/actualites\/#breadcrumb"},"inLanguage":"fr-FR","potentialAction":[{"@type":"ReadAction","target":["https:\/\/thompouss.fr\/index.php\/actualites\/"]}]},{"@type":"ImageObject","inLanguage":"fr-FR","@id":"https:\/\/thompouss.fr\/index.php\/actualites\/#primaryimage","url":"https:\/\/thompouss.fr\/wp-content\/uploads\/2023\/05\/thompouss-feuilles.png","contentUrl":"https:\/\/thompouss.fr\/wp-content\/uploads\/2023\/05\/thompouss-feuilles.png","width":72,"height":72,"caption":"Cabinet conseil RH | T'hompouss Consultants"},{"@type":"BreadcrumbList","@id":"https:\/\/thompouss.fr\/index.php\/actualites\/#breadcrumb","itemListElement":[{"@type":"ListItem","position":1,"name":"Accueil","item":"https:\/\/thompouss.fr\/"},{"@type":"ListItem","position":2,"name":"Actualit\u00e9s"}]},{"@type":"WebSite","@id":"https:\/\/thompouss.fr\/#website","url":"https:\/\/thompouss.fr\/","name":"T&#039;hompouss Consultants","description":"","publisher":{"@id":"https:\/\/thompouss.fr\/#organization"},"potentialAction":[{"@type":"SearchAction","target":{"@type":"EntryPoint","urlTemplate":"https:\/\/thompouss.fr\/?s={search_term_string}"},"query-input":{"@type":"PropertyValueSpecification","valueRequired":true,"valueName":"search_term_string"}}],"inLanguage":"fr-FR"},{"@type":"Organization","@id":"https:\/\/thompouss.fr\/#organization","name":"T&#039;hompouss Consultants","url":"https:\/\/thompouss.fr\/","logo":{"@type":"ImageObject","inLanguage":"fr-FR","@id":"https:\/\/thompouss.fr\/#\/schema\/logo\/image\/","url":"https:\/\/thompouss.fr\/wp-content\/uploads\/2023\/05\/Thompouss-Logo.png","contentUrl":"https:\/\/thompouss.fr\/wp-content\/uploads\/2023\/05\/Thompouss-Logo.png","width":926,"height":272,"caption":"T&#039;hompouss Consultants"},"image":{"@id":"https:\/\/thompouss.fr\/#\/schema\/logo\/image\/"},"sameAs":["https:\/\/www.linkedin.com\/company\/t-hompouss-consultants\/"]}]}},"_links":{"self":[{"href":"https:\/\/thompouss.fr\/index.php\/wp-json\/wp\/v2\/pages\/770","targetHints":{"allow":["GET"]}}],"collection":[{"href":"https:\/\/thompouss.fr\/index.php\/wp-json\/wp\/v2\/pages"}],"about":[{"href":"https:\/\/thompouss.fr\/index.php\/wp-json\/wp\/v2\/types\/page"}],"author":[{"embeddable":true,"href":"https:\/\/thompouss.fr\/index.php\/wp-json\/wp\/v2\/users\/1"}],"replies":[{"embeddable":true,"href":"https:\/\/thompouss.fr\/index.php\/wp-json\/wp\/v2\/comments?post=770"}],"version-history":[{"count":71,"href":"https:\/\/thompouss.fr\/index.php\/wp-json\/wp\/v2\/pages\/770\/revisions"}],"predecessor-version":[{"id":5500,"href":"https:\/\/thompouss.fr\/index.php\/wp-json\/wp\/v2\/pages\/770\/revisions\/5500"}],"wp:attachment":[{"href":"https:\/\/thompouss.fr\/index.php\/wp-json\/wp\/v2\/media?parent=770"}],"curies":[{"name":"wp","href":"https:\/\/api.w.org\/{rel}","templated":true}]}}